{"id":2715,"date":"2025-01-24T16:31:58","date_gmt":"2025-01-24T15:31:58","guid":{"rendered":"https:\/\/www.pro-bike.be\/?product=derailleur-arriere-shimano-xtr"},"modified":"2025-01-24T16:32:01","modified_gmt":"2025-01-24T15:32:01","slug":"derailleur-arriere-shimano-xtr","status":"publish","type":"product","link":"https:\/\/www.pro-bike.be\/?product=derailleur-arriere-shimano-xtr","title":{"rendered":"D\u00e9railleur arri\u00e8re Shimano XTR"},"content":{"rendered":"<p><strong>R\u00e9f: RD-M970<\/strong><\/p>\n","protected":false},"excerpt":{"rendered":"<p>R\u00e9f: RD-M970<\/p>\n","protected":false},"featured_media":2714,"template":"","meta":{"_et_pb_use_builder":"","_et_pb_old_content":"","_et_gb_content_width":"","jetpack_publicize_message":"","jetpack_publicize_feature_enabled":true,"jetpack_social_post_already_shared":true,"jetpack_social_options":{"image_generator_settings":{"template":"highway","enabled":false},"version":2}},"product_brand":[],"product_cat":[94,44],"product_tag":[],"class_list":{"0":"post-2715","1":"product","2":"type-product","3":"status-publish","4":"has-post-thumbnail","6":"product_cat-pieces-velos-non-classe","7":"product_cat-promotions","9":"first","10":"instock","11":"sale","12":"taxable","13":"shipping-taxable","14":"purchasable","15":"product-type-simple"},"jetpack_publicize_connections":[],"jetpack_sharing_enabled":true,"jetpack_likes_enabled":true,"_links":{"self":[{"href":"https:\/\/www.pro-bike.be\/index.php?rest_route=\/wp\/v2\/product\/2715","targetHints":{"allow":["GET"]}}],"collection":[{"href":"https:\/\/www.pro-bike.be\/index.php?rest_route=\/wp\/v2\/product"}],"about":[{"href":"https:\/\/www.pro-bike.be\/index.php?rest_route=\/wp\/v2\/types\/product"}],"wp:featuredmedia":[{"embeddable":true,"href":"https:\/\/www.pro-bike.be\/index.php?rest_route=\/wp\/v2\/media\/2714"}],"wp:attachment":[{"href":"https:\/\/www.pro-bike.be\/index.php?rest_route=%2Fwp%2Fv2%2Fmedia&parent=2715"}],"wp:term":[{"taxonomy":"product_brand","embeddable":true,"href":"https:\/\/www.pro-bike.be\/index.php?rest_route=%2Fwp%2Fv2%2Fproduct_brand&post=2715"},{"taxonomy":"product_cat","embeddable":true,"href":"https:\/\/www.pro-bike.be\/index.php?rest_route=%2Fwp%2Fv2%2Fproduct_cat&post=2715"},{"taxonomy":"product_tag","embeddable":true,"href":"https:\/\/www.pro-bike.be\/index.php?rest_route=%2Fwp%2Fv2%2Fproduct_tag&post=2715"}],"curies":[{"name":"wp","href":"https:\/\/api.w.org\/{rel}","templated":true}]}}