{"id":1353,"date":"2021-04-09T14:51:32","date_gmt":"2021-04-09T12:51:32","guid":{"rendered":"https:\/\/www.pro-bike.be\/?page_id=1353"},"modified":"2022-03-31T22:34:29","modified_gmt":"2022-03-31T20:34:29","slug":"occasionsmotos","status":"publish","type":"page","link":"https:\/\/www.pro-bike.be\/?page_id=1353","title":{"rendered":"Occasions Motos"},"content":{"rendered":"<p>[et_pb_section fb_built=\u00a0\u00bb1&Prime; custom_padding_last_edited=\u00a0\u00bbon|tablet\u00a0\u00bb admin_label=\u00a0\u00bbHeader\u00a0\u00bb _builder_version=\u00a0\u00bb4.16&Prime; use_background_color_gradient=\u00a0\u00bbon\u00a0\u00bb background_color_gradient_direction=\u00a0\u00bb-67deg\u00a0\u00bb background_color_gradient_stops=\u00a0\u00bbrgba(124,218,36,0.52) 47%|#ffffff 47%\u00a0\u00bb background_color_gradient_start=\u00a0\u00bbrgba(124,218,36,0.52)\u00a0\u00bb background_color_gradient_start_position=\u00a0\u00bb47%\u00a0\u00bb background_color_gradient_end=\u00a0\u00bb#ffffff\u00a0\u00bb background_color_gradient_end_position=\u00a0\u00bb0%\u00a0\u00bb background_position=\u00a0\u00bbtop_left\u00a0\u00bb min_height=\u00a0\u00bb354.3px\u00a0\u00bb custom_padding=\u00a0\u00bb0|0px|0px|0px|false|false\u00a0\u00bb custom_padding_tablet=\u00a0\u00bb||0px\u00a0\u00bb custom_padding_phone=\u00a0\u00bb\u00a0\u00bb locked=\u00a0\u00bboff\u00a0\u00bb global_colors_info=\u00a0\u00bb{}\u00a0\u00bb][et_pb_row column_structure=\u00a0\u00bb1_2,1_2&Prime; _builder_version=\u00a0\u00bb4.16&Prime; max_width=\u00a0\u00bb1800px\u00a0\u00bb custom_margin=\u00a0\u00bb|auto|-12px|auto||\u00a0\u00bb custom_padding=\u00a0\u00bb0px||0||false|false\u00a0\u00bb use_custom_width=\u00a0\u00bbon\u00a0\u00bb width_unit=\u00a0\u00bboff\u00a0\u00bb custom_width_percent=\u00a0\u00bb90%\u00a0\u00bb global_colors_info=\u00a0\u00bb{}\u00a0\u00bb][et_pb_column type=\u00a0\u00bb1_2&Prime; _builder_version=\u00a0\u00bb4.16&Prime; custom_padding=\u00a0\u00bb|50px||\u00a0\u00bb global_colors_info=\u00a0\u00bb{}\u00a0\u00bb custom_padding__hover=\u00a0\u00bb|||\u00a0\u00bb][et_pb_divider color=\u00a0\u00bbrgba(124,218,36,0.52)\u00a0\u00bb divider_weight=\u00a0\u00bb80px\u00a0\u00bb _builder_version=\u00a0\u00bb4.16&Prime; transform_skew=\u00a0\u00bb-22deg|0deg\u00a0\u00bb transform_skew_linked=\u00a0\u00bboff\u00a0\u00bb height=\u00a0\u00bb80px\u00a0\u00bb custom_margin=\u00a0\u00bb||60px|-20vw\u00a0\u00bb custom_margin_tablet=\u00a0\u00bb||30px\u00a0\u00bb custom_margin_phone=\u00a0\u00bb\u00a0\u00bb custom_margin_last_edited=\u00a0\u00bbon|tablet\u00a0\u00bb locked=\u00a0\u00bboff\u00a0\u00bb global_colors_info=\u00a0\u00bb{}\u00a0\u00bb][\/et_pb_divider][et_pb_text _builder_version=\u00a0\u00bb4.16&Prime; header_font=\u00a0\u00bbKhand|700|on|on|||||\u00a0\u00bb header_text_align=\u00a0\u00bbleft\u00a0\u00bb header_font_size=\u00a0\u00bb8vw\u00a0\u00bb transform_skew=\u00a0\u00bb-6deg|0deg\u00a0\u00bb transform_skew_linked=\u00a0\u00bboff\u00a0\u00bb custom_margin=\u00a0\u00bb||0px|||\u00a0\u00bb header_font_size_tablet=\u00a0\u00bb100px\u00a0\u00bb header_font_size_phone=\u00a0\u00bb50px\u00a0\u00bb header_font_size_last_edited=\u00a0\u00bbon|phone\u00a0\u00bb global_colors_info=\u00a0\u00bb{}\u00a0\u00bb]<\/p>\n<h1>Motos<\/h1>\n<h1>occasions<\/h1>\n<p>[\/et_pb_text][et_pb_divider color=\u00a0\u00bb#7CDA24&Prime; divider_style=\u00a0\u00bbdouble\u00a0\u00bb divider_weight=\u00a0\u00bb10px\u00a0\u00bb _builder_version=\u00a0\u00bb4.16&Prime; transform_skew=\u00a0\u00bb-20deg|0deg\u00a0\u00bb max_width=\u00a0\u00bb100px\u00a0\u00bb height=\u00a0\u00bb10px\u00a0\u00bb locked=\u00a0\u00bboff\u00a0\u00bb global_colors_info=\u00a0\u00bb{}\u00a0\u00bb][\/et_pb_divider][\/et_pb_column][et_pb_column type=\u00a0\u00bb1_2&Prime; _builder_version=\u00a0\u00bb4.16&Prime; custom_padding=\u00a0\u00bb100px|||\u00a0\u00bb global_colors_info=\u00a0\u00bb{}\u00a0\u00bb custom_padding__hover=\u00a0\u00bb|||\u00a0\u00bb][\/et_pb_column][\/et_pb_row][\/et_pb_section][et_pb_section fb_built=\u00a0\u00bb1&Prime; _builder_version=\u00a0\u00bb4.16&Prime; _module_preset=\u00a0\u00bbdefault\u00a0\u00bb custom_padding=\u00a0\u00bb3vw||3vw||true|\u00a0\u00bb global_colors_info=\u00a0\u00bb{}\u00a0\u00bb][et_pb_row _builder_version=\u00a0\u00bb4.16&Prime; _module_preset=\u00a0\u00bbdefault\u00a0\u00bb global_colors_info=\u00a0\u00bb{}\u00a0\u00bb][et_pb_column type=\u00a0\u00bb4_4&Prime; _builder_version=\u00a0\u00bb4.16&Prime; _module_preset=\u00a0\u00bbdefault\u00a0\u00bb global_colors_info=\u00a0\u00bb{}\u00a0\u00bb][et_pb_text _builder_version=\u00a0\u00bb4.16&Prime; _module_preset=\u00a0\u00bbdefault\u00a0\u00bb global_colors_info=\u00a0\u00bb{}\u00a0\u00bb]<\/p>\n<h2><span style=\"color: #99cc00;\">L&rsquo;occasion &#8230; Notre seul pouvoir, est de la saisir !<\/span><\/h2>\n<p>[\/et_pb_text][\/et_pb_column][\/et_pb_row][\/et_pb_section][et_pb_section fb_built=\u00a0\u00bb1&Prime; _builder_version=\u00a0\u00bb4.16&Prime; _module_preset=\u00a0\u00bbdefault\u00a0\u00bb custom_padding=\u00a0\u00bb5vw||5vw||true|\u00a0\u00bb global_colors_info=\u00a0\u00bb{}\u00a0\u00bb][et_pb_row use_custom_gutter=\u00a0\u00bbon\u00a0\u00bb gutter_width=\u00a0\u00bb1&Prime; _builder_version=\u00a0\u00bb4.16&Prime; _module_preset=\u00a0\u00bbdefault\u00a0\u00bb width=\u00a0\u00bb100%\u00a0\u00bb custom_padding=\u00a0\u00bb10px|10px|10px|10px|false|false\u00a0\u00bb global_colors_info=\u00a0\u00bb{}\u00a0\u00bb][et_pb_column type=\u00a0\u00bb4_4&Prime; _builder_version=\u00a0\u00bb4.16&Prime; _module_preset=\u00a0\u00bbdefault\u00a0\u00bb global_colors_info=\u00a0\u00bb{}\u00a0\u00bb][et_pb_shop type=\u00a0\u00bbproduct_category\u00a0\u00bb posts_number=\u00a0\u00bb15&Prime; show_pagination=\u00a0\u00bbon\u00a0\u00bb include_categories=\u00a0\u00bb82&Prime; columns_number=\u00a0\u00bb3&Prime; orderby=\u00a0\u00bbdate-desc\u00a0\u00bb sale_badge_color=\u00a0\u00bb#006ac1&Prime; icon_hover_color=\u00a0\u00bb#FFFFFF\u00a0\u00bb hover_overlay_color=\u00a0\u00bbrgba(158,255,84,0.39)\u00a0\u00bb hover_icon=\u00a0\u00bb&#x55;||divi||400&Prime; _builder_version=\u00a0\u00bb4.16.0&Prime; _module_preset=\u00a0\u00bbdefault\u00a0\u00bb title_text_align=\u00a0\u00bbcenter\u00a0\u00bb title_text_color=\u00a0\u00bb#FFFFFF\u00a0\u00bb title_font_size=\u00a0\u00bb18px\u00a0\u00bb title_letter_spacing=\u00a0\u00bb1px\u00a0\u00bb title_line_height=\u00a0\u00bb1.7em\u00a0\u00bb price_font=\u00a0\u00bb|600|||||||\u00a0\u00bb price_text_align=\u00a0\u00bbright\u00a0\u00bb price_text_color=\u00a0\u00bb#7c7c7c\u00a0\u00bb price_font_size=\u00a0\u00bb19px\u00a0\u00bb price_line_height=\u00a0\u00bb27px\u00a0\u00bb sale_badge_font=\u00a0\u00bb|600|||||||\u00a0\u00bb sale_badge_font_size=\u00a0\u00bb28px\u00a0\u00bb sale_price_font=\u00a0\u00bb|600|||||||\u00a0\u00bb rating_text_align=\u00a0\u00bbleft\u00a0\u00bb rating_font_size=\u00a0\u00bb1px\u00a0\u00bb background_enable_color=\u00a0\u00bboff\u00a0\u00bb animation_style=\u00a0\u00bbfade\u00a0\u00bb hover_enabled=\u00a0\u00bb0&Prime; custom_css_title=\u00a0\u00bbtext-align: center;||background: #39b048;||margin-top: -10px !important;\u00a0\u00bb custom_css_price=\u00a0\u00bbpadding-bottom: 15px;\u00a0\u00bb border_radii_image=\u00a0\u00bboff||||\u00a0\u00bb border_width_all_image=\u00a0\u00bb1px\u00a0\u00bb border_color_all_image=\u00a0\u00bbrgba(224,224,224,0.61)\u00a0\u00bb box_shadow_style_image=\u00a0\u00bbpreset1&Prime; global_colors_info=\u00a0\u00bb{}\u00a0\u00bb custom_css_stars_last_edited=\u00a0\u00bbon|desktop\u00a0\u00bb sticky_enabled=\u00a0\u00bb0&Prime;][\/et_pb_shop][\/et_pb_column][\/et_pb_row][\/et_pb_section][et_pb_section fb_built=\u00a0\u00bb1&Prime; admin_label=\u00a0\u00bbFooter\u00a0\u00bb _builder_version=\u00a0\u00bb4.13.0&Prime; _module_preset=\u00a0\u00bbb369aa31-98f9-41b9-a2d4-96975ee87884&Prime; global_module=\u00a0\u00bb1591&Prime; saved_tabs=\u00a0\u00bball\u00a0\u00bb locked=\u00a0\u00bboff\u00a0\u00bb global_colors_info=\u00a0\u00bb{}\u00a0\u00bb][et_pb_row column_structure=\u00a0\u00bb1_3,1_3,1_3&Prime; use_custom_gutter=\u00a0\u00bbon\u00a0\u00bb gutter_width=\u00a0\u00bb1&Prime; make_equal=\u00a0\u00bbon\u00a0\u00bb padding_top_bottom_link_1=\u00a0\u00bbtrue\u00a0\u00bb padding_top_bottom_link_2=\u00a0\u00bbtrue\u00a0\u00bb padding_top_bottom_link_3=\u00a0\u00bbtrue\u00a0\u00bb padding_left_right_link_1=\u00a0\u00bbtrue\u00a0\u00bb padding_left_right_link_2=\u00a0\u00bbtrue\u00a0\u00bb padding_left_right_link_3=\u00a0\u00bbtrue\u00a0\u00bb _builder_version=\u00a0\u00bb4.16&Prime; max_width=\u00a0\u00bb1360px\u00a0\u00bb custom_margin=\u00a0\u00bb||||false|false\u00a0\u00bb custom_padding=\u00a0\u00bb0|0px|0px|0px|false|false\u00a0\u00bb box_shadow_style=\u00a0\u00bbpreset2&Prime; box_shadow_vertical=\u00a0\u00bb28px\u00a0\u00bb box_shadow_blur=\u00a0\u00bb40px\u00a0\u00bb box_shadow_color=\u00a0\u00bbrgba(0,0,0,0.1)\u00a0\u00bb global_colors_info=\u00a0\u00bb{}\u00a0\u00bb][et_pb_column type=\u00a0\u00bb1_3&Prime; admin_label=\u00a0\u00bbServices\u00a0\u00bb _builder_version=\u00a0\u00bb4.16&Prime; background_color=\u00a0\u00bb#f71635&Prime; custom_padding=\u00a0\u00bb55px|40px|55px|40px|true|false\u00a0\u00bb custom_padding_tablet=\u00a0\u00bb50px||50px||true\u00a0\u00bb custom_padding_phone=\u00a0\u00bb\u00a0\u00bb custom_padding_last_edited=\u00a0\u00bbon|desktop\u00a0\u00bb global_colors_info=\u00a0\u00bb{}\u00a0\u00bb custom_padding__hover=\u00a0\u00bb|||\u00a0\u00bb][et_pb_text _builder_version=\u00a0\u00bb4.16&Prime; text_font=\u00a0\u00bb|600|||||||\u00a0\u00bb text_line_height=\u00a0\u00bb2em\u00a0\u00bb header_font=\u00a0\u00bb||||||||\u00a0\u00bb header_4_font=\u00a0\u00bbKhand|700||on|||||\u00a0\u00bb header_4_font_size=\u00a0\u00bb35px\u00a0\u00bb header_4_line_height=\u00a0\u00bb1.2em\u00a0\u00bb background_layout=\u00a0\u00bbdark\u00a0\u00bb header_4_font_size_tablet=\u00a0\u00bb30px\u00a0\u00bb header_4_font_size_phone=\u00a0\u00bb25px\u00a0\u00bb header_4_font_size_last_edited=\u00a0\u00bbon|phone\u00a0\u00bb locked=\u00a0\u00bboff\u00a0\u00bb global_colors_info=\u00a0\u00bb{}\u00a0\u00bb]<\/p>\n<h4>Services<\/h4>\n<p>PRO-BIKE vous conseille depuis presque 25 ans pour l\u2019 achat de vos 2 roues motoris\u00e9s ou non et tous vos accessoires. Nous r\u00e9alisons \u00e9galement les entretiens et les r\u00e9parations.<\/p>\n<h4>NOS Marques<\/h4>\n<p>Pro-bike est bike-test-center pour les marques SCOTT et GRANVILLE.<\/p>\n<p>Nous repr\u00e9sentons \u00e9galement d&rsquo;autres marques comme BETA, SYM, VIPER, &#8230;<\/p>\n<p>&nbsp;<\/p>\n<p>[\/et_pb_text][\/et_pb_column][et_pb_column type=\u00a0\u00bb1_3&Prime; _builder_version=\u00a0\u00bb4.16&Prime; use_background_color_gradient=\u00a0\u00bbon\u00a0\u00bb background_color_gradient_stops=\u00a0\u00bbrgba(2,24,39,0.7) 0%|rgba(2,24,39,0.6) 100%\u00a0\u00bb background_color_gradient_overlays_image=\u00a0\u00bbon\u00a0\u00bb background_color_gradient_start=\u00a0\u00bbrgba(2,24,39,0.7)\u00a0\u00bb background_color_gradient_end=\u00a0\u00bbrgba(2,24,39,0.6)\u00a0\u00bb background_image=\u00a0\u00bbhttps:\/\/www.pro-bike.be\/wp-content\/uploads\/2020\/06\/mechanic-87.jpg\u00a0\u00bb custom_padding=\u00a0\u00bb55px|40px|55px|40px|true|false\u00a0\u00bb custom_padding_tablet=\u00a0\u00bb50px||50px||true\u00a0\u00bb custom_padding_phone=\u00a0\u00bb\u00a0\u00bb custom_padding_last_edited=\u00a0\u00bbon|desktop\u00a0\u00bb global_colors_info=\u00a0\u00bb{}\u00a0\u00bb custom_padding__hover=\u00a0\u00bb|||\u00a0\u00bb][et_pb_text _builder_version=\u00a0\u00bb4.16&Prime; text_font=\u00a0\u00bb|600|||||||\u00a0\u00bb text_line_height=\u00a0\u00bb2em\u00a0\u00bb header_font=\u00a0\u00bb||||||||\u00a0\u00bb header_4_font=\u00a0\u00bbKhand|700||on|||||\u00a0\u00bb header_4_font_size=\u00a0\u00bb35px\u00a0\u00bb header_4_line_height=\u00a0\u00bb1.2em\u00a0\u00bb background_layout=\u00a0\u00bbdark\u00a0\u00bb header_4_font_size_tablet=\u00a0\u00bb30px\u00a0\u00bb header_4_font_size_phone=\u00a0\u00bb25px\u00a0\u00bb header_4_font_size_last_edited=\u00a0\u00bbon|phone\u00a0\u00bb locked=\u00a0\u00bboff\u00a0\u00bb global_colors_info=\u00a0\u00bb{}\u00a0\u00bb]<\/p>\n<h4>Horraires\u00a0 Magasin<\/h4>\n<p><strong>Hiver: <\/strong>01\/11 &#8211; 31\/03 mars<br \/>Mardi &#8211; Vendredi :<\/p>\n<p>de 9h \u00e0 13h et de 14h \u00e0 18h<\/p>\n<p>Le samedi, 9h &#8211; 17h30<\/p>\n<p><strong>Et\u00e9: <\/strong>01\/04 &#8211; 31\/10 <br \/>Lundi &#8211; Vendredi :<\/p>\n<p>de 9h &#8211; 13h , 14h &#8211; 18h30.<br \/>Le samedi, 9h &#8211; 17h30<\/p>\n<p>[\/et_pb_text][\/et_pb_column][et_pb_column type=\u00a0\u00bb1_3&Prime; _builder_version=\u00a0\u00bb4.16&Prime; use_background_color_gradient=\u00a0\u00bbon\u00a0\u00bb background_color_gradient_stops=\u00a0\u00bbrgba(255,255,255,0.9) 0%|#ffffff 100%\u00a0\u00bb background_color_gradient_overlays_image=\u00a0\u00bbon\u00a0\u00bb background_color_gradient_start=\u00a0\u00bbrgba(255,255,255,0.9)\u00a0\u00bb background_color_gradient_end=\u00a0\u00bb#ffffff\u00a0\u00bb background_image=\u00a0\u00bbhttps:\/\/www.pro-bike.be\/wp-content\/uploads\/2020\/06\/mechanic-90.jpg\u00a0\u00bb custom_padding=\u00a0\u00bb55px|40px|55px|40px|true|false\u00a0\u00bb custom_padding_tablet=\u00a0\u00bb50px||50px||true\u00a0\u00bb custom_padding_phone=\u00a0\u00bb\u00a0\u00bb custom_padding_last_edited=\u00a0\u00bbon|phone\u00a0\u00bb global_colors_info=\u00a0\u00bb{}\u00a0\u00bb custom_padding__hover=\u00a0\u00bb|||\u00a0\u00bb][et_pb_text _builder_version=\u00a0\u00bb4.16&Prime; text_font=\u00a0\u00bb|600|||||||\u00a0\u00bb text_line_height=\u00a0\u00bb2em\u00a0\u00bb header_font=\u00a0\u00bb||||||||\u00a0\u00bb header_4_font=\u00a0\u00bbKhand|700||on|||||\u00a0\u00bb header_4_font_size=\u00a0\u00bb35px\u00a0\u00bb header_4_line_height=\u00a0\u00bb1.2em\u00a0\u00bb header_4_font_size_tablet=\u00a0\u00bb30px\u00a0\u00bb header_4_font_size_phone=\u00a0\u00bb25px\u00a0\u00bb header_4_font_size_last_edited=\u00a0\u00bbon|phone\u00a0\u00bb locked=\u00a0\u00bboff\u00a0\u00bb global_colors_info=\u00a0\u00bb{}\u00a0\u00bb]<\/p>\n<h4>Contactez nous<\/h4>\n<p>[\/et_pb_text][et_pb_blurb title=\u00a0\u00bbTEL\u00a0\u00bb use_icon=\u00a0\u00bbon\u00a0\u00bb font_icon=\u00a0\u00bb&#xe090;||divi||400&Prime; icon_color=\u00a0\u00bbrgba(2,24,39,0.6)\u00a0\u00bb icon_placement=\u00a0\u00bbleft\u00a0\u00bb image_icon_width=\u00a0\u00bb20px\u00a0\u00bb _builder_version=\u00a0\u00bb4.16&Prime; header_font=\u00a0\u00bb|700||on|||||\u00a0\u00bb header_font_size=\u00a0\u00bb14px\u00a0\u00bb header_letter_spacing=\u00a0\u00bb2px\u00a0\u00bb header_line_height=\u00a0\u00bb1.2em\u00a0\u00bb body_font=\u00a0\u00bbKhand|700|||||||\u00a0\u00bb body_text_color=\u00a0\u00bb#0251b8&Prime; body_font_size=\u00a0\u00bb28px\u00a0\u00bb body_line_height=\u00a0\u00bb1.5em\u00a0\u00bb custom_margin=\u00a0\u00bb20px||\u00a0\u00bb custom_padding=\u00a0\u00bb|||\u00a0\u00bb animation=\u00a0\u00bboff\u00a0\u00bb icon_font_size=\u00a0\u00bb20px\u00a0\u00bb locked=\u00a0\u00bboff\u00a0\u00bb global_colors_info=\u00a0\u00bb{}\u00a0\u00bb]<\/p>\n<p>02 355 66 40<\/p>\n<p>[\/et_pb_blurb][et_pb_blurb title=\u00a0\u00bbEMAIL\u00a0\u00bb use_icon=\u00a0\u00bbon\u00a0\u00bb font_icon=\u00a0\u00bb&#xe090;||divi||400&Prime; icon_color=\u00a0\u00bbrgba(2,24,39,0.6)\u00a0\u00bb icon_placement=\u00a0\u00bbleft\u00a0\u00bb image_icon_width=\u00a0\u00bb20px\u00a0\u00bb _builder_version=\u00a0\u00bb4.16&Prime; header_font=\u00a0\u00bb|700||on|||||\u00a0\u00bb header_font_size=\u00a0\u00bb14px\u00a0\u00bb header_letter_spacing=\u00a0\u00bb2px\u00a0\u00bb header_line_height=\u00a0\u00bb1.2em\u00a0\u00bb body_font=\u00a0\u00bbKhand|700|||||||\u00a0\u00bb body_text_color=\u00a0\u00bb#0251b8&Prime; body_font_size=\u00a0\u00bb28px\u00a0\u00bb body_line_height=\u00a0\u00bb1.5em\u00a0\u00bb custom_margin=\u00a0\u00bb20px||\u00a0\u00bb custom_padding=\u00a0\u00bb|||\u00a0\u00bb animation=\u00a0\u00bboff\u00a0\u00bb icon_font_size=\u00a0\u00bb20px\u00a0\u00bb locked=\u00a0\u00bboff\u00a0\u00bb global_colors_info=\u00a0\u00bb{}\u00a0\u00bb]<\/p>\n<p><span class=\"mini-contacts email show-on-desktop in-menu-first-switch in-menu-second-switch first\">info@pro-bike.be<\/span><\/p>\n<p>[\/et_pb_blurb][et_pb_blurb title=\u00a0\u00bbAdresse\u00a0\u00bb use_icon=\u00a0\u00bbon\u00a0\u00bb font_icon=\u00a0\u00bb&#xe074;||divi||400&Prime; icon_color=\u00a0\u00bbrgba(2,24,39,0.6)\u00a0\u00bb icon_placement=\u00a0\u00bbleft\u00a0\u00bb image_icon_width=\u00a0\u00bb20px\u00a0\u00bb admin_label=\u00a0\u00bbAdresse\u00a0\u00bb _builder_version=\u00a0\u00bb4.16&Prime; header_font=\u00a0\u00bb|700||on|||||\u00a0\u00bb header_font_size=\u00a0\u00bb14px\u00a0\u00bb header_letter_spacing=\u00a0\u00bb2px\u00a0\u00bb header_line_height=\u00a0\u00bb1.2em\u00a0\u00bb body_font=\u00a0\u00bbKhand|700|||||||\u00a0\u00bb body_text_color=\u00a0\u00bb#0251b8&Prime; body_font_size=\u00a0\u00bb28px\u00a0\u00bb body_line_height=\u00a0\u00bb1.5em\u00a0\u00bb custom_margin=\u00a0\u00bb20px||\u00a0\u00bb custom_padding=\u00a0\u00bb|||\u00a0\u00bb animation=\u00a0\u00bboff\u00a0\u00bb icon_font_size=\u00a0\u00bb20px\u00a0\u00bb locked=\u00a0\u00bboff\u00a0\u00bb global_colors_info=\u00a0\u00bb{}\u00a0\u00bb]<\/p>\n<p>Rue de la D\u00e9portation, 31<br \/>1480 Tubize<\/p>\n<p>[\/et_pb_blurb][\/et_pb_column][\/et_pb_row][\/et_pb_section]<\/p>\n","protected":false},"excerpt":{"rendered":"<p>Motos occasionsL&rsquo;occasion &#8230; Notre seul pouvoir, est de la saisir !Services PRO-BIKE vous conseille depuis presque 25 ans pour l\u2019 achat de vos 2 roues motoris\u00e9s ou non et tous vos accessoires. Nous r\u00e9alisons \u00e9galement les entretiens et les r\u00e9parations. NOS Marques Pro-bike est bike-test-center pour les marques SCOTT et GRANVILLE. Nous repr\u00e9sentons \u00e9galement d&rsquo;autres [&hellip;]<\/p>\n","protected":false},"author":1,"featured_media":0,"parent":0,"menu_order":0,"comment_status":"closed","ping_status":"closed","template":"","meta":{"_et_pb_use_builder":"on","_et_pb_old_content":"","_et_gb_content_width":"","footnotes":""},"class_list":["post-1353","page","type-page","status-publish","hentry"],"jetpack_sharing_enabled":true,"jetpack_likes_enabled":true,"_links":{"self":[{"href":"https:\/\/www.pro-bike.be\/index.php?rest_route=\/wp\/v2\/pages\/1353","targetHints":{"allow":["GET"]}}],"collection":[{"href":"https:\/\/www.pro-bike.be\/index.php?rest_route=\/wp\/v2\/pages"}],"about":[{"href":"https:\/\/www.pro-bike.be\/index.php?rest_route=\/wp\/v2\/types\/page"}],"author":[{"embeddable":true,"href":"https:\/\/www.pro-bike.be\/index.php?rest_route=\/wp\/v2\/users\/1"}],"replies":[{"embeddable":true,"href":"https:\/\/www.pro-bike.be\/index.php?rest_route=%2Fwp%2Fv2%2Fcomments&post=1353"}],"version-history":[{"count":14,"href":"https:\/\/www.pro-bike.be\/index.php?rest_route=\/wp\/v2\/pages\/1353\/revisions"}],"predecessor-version":[{"id":2116,"href":"https:\/\/www.pro-bike.be\/index.php?rest_route=\/wp\/v2\/pages\/1353\/revisions\/2116"}],"wp:attachment":[{"href":"https:\/\/www.pro-bike.be\/index.php?rest_route=%2Fwp%2Fv2%2Fmedia&parent=1353"}],"curies":[{"name":"wp","href":"https:\/\/api.w.org\/{rel}","templated":true}]}}